{"id":81051,"date":"2021-02-24T02:08:11","date_gmt":"2021-02-24T01:08:11","guid":{"rendered":"https:\/\/hi-as.no\/?page_id=81051"},"modified":"2026-01-06T11:27:25","modified_gmt":"2026-01-06T10:27:25","slug":"varslingkritikkverdigeforhold","status":"publish","type":"page","link":"https:\/\/hi-as.no\/no\/varslingkritikkverdigeforhold\/","title":{"rendered":"Varsling av kritikkverdige forhold"},"content":{"rendered":"<div class=\"wpb-content-wrapper\"><p>[vc_row][vc_column width=&raquo;1\/1&#8243;][vc_custom_heading uncode_shortcode_id=&raquo;132383&#8243; subheading=&raquo;for H\u00e5land Instrumentering AS&raquo;]<\/p>\n<div class=\"header\">\n<p>Varsling av kritikkverdige forhold<\/p>\n<\/div>\n<p>[\/vc_custom_heading][vc_column_text uncode_shortcode_id=&raquo;140108&#8243;]<strong>Varsling av kritikkverdige forhold<\/strong><\/p>\n<p>H\u00e5land Instrumentering AS \u00f8nsker \u00e5 opptre ansvarlig og i samsvar med gjeldende lover, etiske retningslinjer og v\u00e5re forpliktelser overfor kunder, leverand\u00f8rer og \u00f8vrige interessenter.<br \/>\nDenne siden gir informasjon om hvordan <strong>eksterne parter<\/strong> kan varsle om kritikkverdige forhold knyttet til v\u00e5r virksomhet.<\/p>\n<p><strong>Hva kan varsles om?<\/strong><\/p>\n<p>Det kan varsles om forhold som er i strid med lover, forskrifter, etiske retningslinjer eller interne krav, for eksempel:<\/p>\n<ul>\n<li>Brudd p\u00e5 lover og forskrifter<\/li>\n<li>Korrupsjon, bestikkelser eller \u00f8konomiske misligheter<\/li>\n<li>Brudd p\u00e5 helse, milj\u00f8 og sikkerhet (HMS)<\/li>\n<li>Uakseptabel eller uetisk forretningspraksis<\/li>\n<li>Brudd p\u00e5 menneskerettigheter eller arbeidsforhold<\/li>\n<li>Alvorlige avvik fra avtalte krav eller kundekrav<\/li>\n<\/ul>\n<p>Varsling skal gjelde <strong>reelle forhold av allmenn interesse<\/strong>, ikke personlige konflikter.<\/p>\n<p><strong>Hvem kan varsle?<\/strong><\/p>\n<p>Varslingsordningen er \u00e5pen for:<\/p>\n<ul>\n<li>Kunder<\/li>\n<li>Leverand\u00f8rer<\/li>\n<li>Samarbeidspartnere<\/li>\n<li>Andre eksterne interessenter<\/li>\n<\/ul>\n<p><strong>Hvordan varsle?<\/strong><\/p>\n<p>Varsling kan sendes skriftlig til:<\/p>\n<p><a href=\"mailto:kjell.magne.aase@hi-as.no\">kjell.magne.aase@hi-as.no<\/a><br \/>\n<em>(Daglig leder)<\/em><\/p>\n<p>Varslet b\u00f8r inneholde:<\/p>\n<ul>\n<li>En beskrivelse av forholdet det varsles om<\/li>\n<li>Tidspunkt og sted (hvis relevant)<\/li>\n<li>Eventuell dokumentasjon<\/li>\n<\/ul>\n<p>Varsler kan gis med navn eller anonymt.<\/p>\n<p><strong>Behandling av varsel<\/strong><\/p>\n<p>Alle varsler behandles konfidensielt og p\u00e5 en forsvarlig m\u00e5te.<br \/>\nIdentiteten til varsler vil ikke bli delt med uvedkommende.<br \/>\nVirksomheten aksepterer ikke gjengjeldelse mot personer som varsler i god tro.<\/p>\n<p><strong>Sp\u00f8rsm\u00e5l<\/strong><\/p>\n<p>Dersom du har sp\u00f8rsm\u00e5l om varslingsordningen, kan daglig leder kontaktes p\u00e5 e-postadressen over.[\/vc_column_text][vc_empty_space empty_h=&raquo;4&#8243;][\/vc_column][\/vc_row]<\/p>\n<\/div>","protected":false},"excerpt":{"rendered":"<p>[vc_row][vc_column width=&raquo;1\/1&#8243;][vc_custom_heading uncode_shortcode_id=&raquo;132383&#8243; subheading=&raquo;for H\u00e5land Instrumentering AS&raquo;] Varsling av kritikkverdige forhold [\/vc_custom_heading][vc_column_text uncode_shortcode_id=&raquo;140108&#8243;]Varsling av kritikkverdige forhold H\u00e5land Instrumentering AS \u00f8nsker [&hellip;]<\/p>\n","protected":false},"author":6,"featured_media":0,"parent":0,"menu_order":0,"comment_status":"closed","ping_status":"closed","template":"","meta":{"footnotes":""},"class_list":["post-81051","page","type-page","status-publish","hentry"],"yoast_head":"<!-- This site is optimized with the Yoast SEO plugin v27.0 - https:\/\/yoast.com\/product\/yoast-seo-wordpress\/ -->\n<title>Varsling av kritikkverdige forhold - H\u00e5land Instrumentering<\/title>\n<meta name=\"robots\" content=\"index, follow, max-snippet:-1, max-image-preview:large, max-video-preview:-1\" \/>\n<link rel=\"canonical\" href=\"https:\/\/hi-as.no\/no\/varslingkritikkverdigeforhold\/\" \/>\n<meta property=\"og:locale\" content=\"nb_NO\" \/>\n<meta property=\"og:type\" content=\"article\" \/>\n<meta property=\"og:title\" content=\"Varsling av kritikkverdige forhold - H\u00e5land Instrumentering\" \/>\n<meta property=\"og:description\" content=\"[vc_row][vc_column width=&raquo;1\/1&#8243;][vc_custom_heading uncode_shortcode_id=&raquo;132383&#8243; subheading=&raquo;for H\u00e5land Instrumentering AS&raquo;] Varsling av kritikkverdige forhold [\/vc_custom_heading][vc_column_text uncode_shortcode_id=&raquo;140108&#8243;]Varsling av kritikkverdige forhold H\u00e5land Instrumentering AS \u00f8nsker [&hellip;]\" \/>\n<meta property=\"og:url\" content=\"https:\/\/hi-as.no\/no\/varslingkritikkverdigeforhold\/\" \/>\n<meta property=\"og:site_name\" content=\"H\u00e5land Instrumentering\" \/>\n<meta property=\"article:modified_time\" content=\"2026-01-06T10:27:25+00:00\" \/>\n<meta name=\"twitter:card\" content=\"summary_large_image\" \/>\n<meta name=\"twitter:label1\" content=\"Ansl. lesetid\" \/>\n\t<meta name=\"twitter:data1\" content=\"1 minutt\" \/>\n<script type=\"application\/ld+json\" class=\"yoast-schema-graph\">{\"@context\":\"https:\/\/schema.org\",\"@graph\":[{\"@type\":\"WebPage\",\"@id\":\"https:\/\/hi-as.no\/no\/varslingkritikkverdigeforhold\/\",\"url\":\"https:\/\/hi-as.no\/no\/varslingkritikkverdigeforhold\/\",\"name\":\"Varsling av kritikkverdige forhold - H\u00e5land Instrumentering\",\"isPartOf\":{\"@id\":\"https:\/\/hi-as.no\/no\/#website\"},\"datePublished\":\"2021-02-24T01:08:11+00:00\",\"dateModified\":\"2026-01-06T10:27:25+00:00\",\"breadcrumb\":{\"@id\":\"https:\/\/hi-as.no\/no\/varslingkritikkverdigeforhold\/#breadcrumb\"},\"inLanguage\":\"nb-NO\",\"potentialAction\":[{\"@type\":\"ReadAction\",\"target\":[\"https:\/\/hi-as.no\/no\/varslingkritikkverdigeforhold\/\"]}]},{\"@type\":\"BreadcrumbList\",\"@id\":\"https:\/\/hi-as.no\/no\/varslingkritikkverdigeforhold\/#breadcrumb\",\"itemListElement\":[{\"@type\":\"ListItem\",\"position\":1,\"name\":\"Hjem\",\"item\":\"https:\/\/hi-as.no\/no\/\"},{\"@type\":\"ListItem\",\"position\":2,\"name\":\"Varsling av kritikkverdige forhold\"}]},{\"@type\":\"WebSite\",\"@id\":\"https:\/\/hi-as.no\/no\/#website\",\"url\":\"https:\/\/hi-as.no\/no\/\",\"name\":\"H\u00e5land Instrumentering\",\"description\":\"\",\"potentialAction\":[{\"@type\":\"SearchAction\",\"target\":{\"@type\":\"EntryPoint\",\"urlTemplate\":\"https:\/\/hi-as.no\/no\/?s={search_term_string}\"},\"query-input\":{\"@type\":\"PropertyValueSpecification\",\"valueRequired\":true,\"valueName\":\"search_term_string\"}}],\"inLanguage\":\"nb-NO\"}]}<\/script>\n<!-- \/ Yoast SEO plugin. -->","yoast_head_json":{"title":"Varsling av kritikkverdige forhold - H\u00e5land Instrumentering","robots":{"index":"index","follow":"follow","max-snippet":"max-snippet:-1","max-image-preview":"max-image-preview:large","max-video-preview":"max-video-preview:-1"},"canonical":"https:\/\/hi-as.no\/no\/varslingkritikkverdigeforhold\/","og_locale":"nb_NO","og_type":"article","og_title":"Varsling av kritikkverdige forhold - H\u00e5land Instrumentering","og_description":"[vc_row][vc_column width=&raquo;1\/1&#8243;][vc_custom_heading uncode_shortcode_id=&raquo;132383&#8243; subheading=&raquo;for H\u00e5land Instrumentering AS&raquo;] Varsling av kritikkverdige forhold [\/vc_custom_heading][vc_column_text uncode_shortcode_id=&raquo;140108&#8243;]Varsling av kritikkverdige forhold H\u00e5land Instrumentering AS \u00f8nsker [&hellip;]","og_url":"https:\/\/hi-as.no\/no\/varslingkritikkverdigeforhold\/","og_site_name":"H\u00e5land Instrumentering","article_modified_time":"2026-01-06T10:27:25+00:00","twitter_card":"summary_large_image","twitter_misc":{"Ansl. lesetid":"1 minutt"},"schema":{"@context":"https:\/\/schema.org","@graph":[{"@type":"WebPage","@id":"https:\/\/hi-as.no\/no\/varslingkritikkverdigeforhold\/","url":"https:\/\/hi-as.no\/no\/varslingkritikkverdigeforhold\/","name":"Varsling av kritikkverdige forhold - H\u00e5land Instrumentering","isPartOf":{"@id":"https:\/\/hi-as.no\/no\/#website"},"datePublished":"2021-02-24T01:08:11+00:00","dateModified":"2026-01-06T10:27:25+00:00","breadcrumb":{"@id":"https:\/\/hi-as.no\/no\/varslingkritikkverdigeforhold\/#breadcrumb"},"inLanguage":"nb-NO","potentialAction":[{"@type":"ReadAction","target":["https:\/\/hi-as.no\/no\/varslingkritikkverdigeforhold\/"]}]},{"@type":"BreadcrumbList","@id":"https:\/\/hi-as.no\/no\/varslingkritikkverdigeforhold\/#breadcrumb","itemListElement":[{"@type":"ListItem","position":1,"name":"Hjem","item":"https:\/\/hi-as.no\/no\/"},{"@type":"ListItem","position":2,"name":"Varsling av kritikkverdige forhold"}]},{"@type":"WebSite","@id":"https:\/\/hi-as.no\/no\/#website","url":"https:\/\/hi-as.no\/no\/","name":"H\u00e5land Instrumentering","description":"","potentialAction":[{"@type":"SearchAction","target":{"@type":"EntryPoint","urlTemplate":"https:\/\/hi-as.no\/no\/?s={search_term_string}"},"query-input":{"@type":"PropertyValueSpecification","valueRequired":true,"valueName":"search_term_string"}}],"inLanguage":"nb-NO"}]}},"_links":{"self":[{"href":"https:\/\/hi-as.no\/no\/wp-json\/wp\/v2\/pages\/81051","targetHints":{"allow":["GET"]}}],"collection":[{"href":"https:\/\/hi-as.no\/no\/wp-json\/wp\/v2\/pages"}],"about":[{"href":"https:\/\/hi-as.no\/no\/wp-json\/wp\/v2\/types\/page"}],"author":[{"embeddable":true,"href":"https:\/\/hi-as.no\/no\/wp-json\/wp\/v2\/users\/6"}],"replies":[{"embeddable":true,"href":"https:\/\/hi-as.no\/no\/wp-json\/wp\/v2\/comments?post=81051"}],"version-history":[{"count":0,"href":"https:\/\/hi-as.no\/no\/wp-json\/wp\/v2\/pages\/81051\/revisions"}],"wp:attachment":[{"href":"https:\/\/hi-as.no\/no\/wp-json\/wp\/v2\/media?parent=81051"}],"curies":[{"name":"wp","href":"https:\/\/api.w.org\/{rel}","templated":true}]}}