{"id":79231,"date":"2024-08-20T19:14:48","date_gmt":"2024-08-20T17:14:48","guid":{"rendered":"https:\/\/hi-as.no\/?page_id=79231"},"modified":"2026-01-26T16:52:08","modified_gmt":"2026-01-26T15:52:08","slug":"brann-gass-2","status":"publish","type":"page","link":"https:\/\/hi-as.no\/no\/brann-gass-2\/","title":{"rendered":"Brann &#038; gass"},"content":{"rendered":"<div class=\"wpb-content-wrapper\"><p>[vc_section][vc_row row_height_percent=&raquo;0&#8243; override_padding=&raquo;yes&raquo; h_padding=&raquo;2&#8243; top_padding=&raquo;4&#8243; bottom_padding=&raquo;4&#8243; overlay_alpha=&raquo;50&#8243; gutter_size=&raquo;3&#8243; column_width_percent=&raquo;100&#8243; shift_y=&raquo;0&#8243; z_index=&raquo;0&#8243; uncode_shortcode_id=&raquo;731643&#8243;][vc_column width=&raquo;1\/1&#8243;][uncode_index el_id=&raquo;index-146785&#8243; isotope_mode=&raquo;cellsByRow&raquo; loop=&raquo;size:25|order_by:date|order:ASC|post_type:brann_gass|taxonomy_count:10&#8243; screen_lg=&raquo;1000&#8243; screen_md=&raquo;600&#8243; screen_sm=&raquo;480&#8243; gutter_size=&raquo;3&#8243; inner_padding=&raquo;yes&raquo; brann_gass_items=&raquo;media|featured|onpost|original,title,category|nobg|relative|hide-icon&raquo; feltinstrumentering_items=&raquo;media|featured|onpost|original,title,category|nobg|relative|hide-icon&raquo; images_size=&raquo;one-one&raquo; single_overlay_opacity=&raquo;50&#8243; single_overlay_anim=&raquo;no&raquo; single_text_visible=&raquo;yes&raquo; single_text_anim=&raquo;no&raquo; single_image_anim=&raquo;no&raquo; single_padding=&raquo;2&#8243; single_border=&raquo;yes&raquo; single_css_animation=&raquo;bottom-t-top&raquo; ansatte_items=&raquo;media|featured|onpost|original,title&raquo; uncode_shortcode_id=&raquo;197577&#8243;][\/vc_column][\/vc_row][\/vc_section]<\/p>\n<\/div>","protected":false},"excerpt":{"rendered":"<p>GASSDETEKTORER, FLAMMEDETEKTORER OG ALARMUTSTYR: gassdetektorer, flammedetektorer og div. alarmutstyr m.m. fra anerkjente kvalitetsprodusenter. Ogs\u00e5 laser linje gassdetektor med h\u00f8y oppetid.<\/p>\n","protected":false},"author":3,"featured_media":2649,"parent":0,"menu_order":0,"comment_status":"closed","ping_status":"closed","template":"","meta":{"footnotes":""},"class_list":["post-79231","page","type-page","status-publish","has-post-thumbnail","hentry"],"yoast_head":"<!-- This site is optimized with the Yoast SEO plugin v27.0 - https:\/\/yoast.com\/product\/yoast-seo-wordpress\/ -->\n<title>Brann &amp; gass - H\u00e5land Instrumentering<\/title>\n<meta name=\"description\" content=\"Gassdeteksjon, manuell melder, GD10P (Simtronics, Simrad), Senscient laser gas detection, acoustic gas detector m.m. fra flere kvalitetsleverand\u00f8rer. Forhandler H\u00e5land Instrumentering AS, et av Norges ledende firma innen brann og gassdeteksjon til offshore og onshore industrien i Norge. Vi har medarbeidere med h\u00f8y kompetanse og lang erfaring p\u00e5 omr\u00e5det.\" \/>\n<meta name=\"robots\" content=\"index, follow, max-snippet:-1, max-image-preview:large, max-video-preview:-1\" \/>\n<link rel=\"canonical\" href=\"https:\/\/hi-as.no\/no\/brann-gass-2\/\" \/>\n<meta property=\"og:locale\" content=\"nb_NO\" \/>\n<meta property=\"og:type\" content=\"article\" \/>\n<meta property=\"og:title\" content=\"Brann &amp; gass - H\u00e5land Instrumentering\" \/>\n<meta property=\"og:description\" content=\"Gassdeteksjon, manuell melder, GD10P (Simtronics, Simrad), Senscient laser gas detection, acoustic gas detector m.m. fra flere kvalitetsleverand\u00f8rer. Forhandler H\u00e5land Instrumentering AS, et av Norges ledende firma innen brann og gassdeteksjon til offshore og onshore industrien i Norge. Vi har medarbeidere med h\u00f8y kompetanse og lang erfaring p\u00e5 omr\u00e5det.\" \/>\n<meta property=\"og:url\" content=\"https:\/\/hi-as.no\/no\/brann-gass-2\/\" \/>\n<meta property=\"og:site_name\" content=\"H\u00e5land Instrumentering\" \/>\n<meta property=\"article:modified_time\" content=\"2026-01-26T15:52:08+00:00\" \/>\n<meta property=\"og:image\" content=\"https:\/\/hi-as.no\/wp-content\/uploads\/2020\/06\/Senscient_1-2.jpg\" \/>\n\t<meta property=\"og:image:width\" content=\"300\" \/>\n\t<meta property=\"og:image:height\" content=\"300\" \/>\n\t<meta property=\"og:image:type\" content=\"image\/jpeg\" \/>\n<meta name=\"twitter:card\" content=\"summary_large_image\" \/>\n<meta name=\"twitter:label1\" content=\"Ansl. lesetid\" \/>\n\t<meta name=\"twitter:data1\" content=\"1 minutt\" \/>\n<script type=\"application\/ld+json\" class=\"yoast-schema-graph\">{\"@context\":\"https:\/\/schema.org\",\"@graph\":[{\"@type\":\"TechArticle\",\"@id\":\"https:\/\/hi-as.no\/no\/brann-gass-2\/#article\",\"isPartOf\":{\"@id\":\"https:\/\/hi-as.no\/no\/brann-gass-2\/\"},\"author\":{\"name\":\"Play Design\",\"@id\":\"https:\/\/hi-as.no\/no\/#\/schema\/person\/e857fe6ebdb6c6d907a5709bb0616f48\"},\"headline\":\"Brann &#038; gass\",\"datePublished\":\"2024-08-20T17:14:48+00:00\",\"dateModified\":\"2026-01-26T15:52:08+00:00\",\"mainEntityOfPage\":{\"@id\":\"https:\/\/hi-as.no\/no\/brann-gass-2\/\"},\"wordCount\":137,\"image\":{\"@id\":\"https:\/\/hi-as.no\/no\/brann-gass-2\/#primaryimage\"},\"thumbnailUrl\":\"https:\/\/hi-as.no\/wp-content\/uploads\/2020\/06\/Senscient_1-2.jpg\",\"inLanguage\":\"nb-NO\"},{\"@type\":[\"WebPage\",\"CollectionPage\"],\"@id\":\"https:\/\/hi-as.no\/no\/brann-gass-2\/\",\"url\":\"https:\/\/hi-as.no\/no\/brann-gass-2\/\",\"name\":\"Brann & gass - H\u00e5land Instrumentering\",\"isPartOf\":{\"@id\":\"https:\/\/hi-as.no\/no\/#website\"},\"primaryImageOfPage\":{\"@id\":\"https:\/\/hi-as.no\/no\/brann-gass-2\/#primaryimage\"},\"image\":{\"@id\":\"https:\/\/hi-as.no\/no\/brann-gass-2\/#primaryimage\"},\"thumbnailUrl\":\"https:\/\/hi-as.no\/wp-content\/uploads\/2020\/06\/Senscient_1-2.jpg\",\"datePublished\":\"2024-08-20T17:14:48+00:00\",\"dateModified\":\"2026-01-26T15:52:08+00:00\",\"description\":\"Gassdeteksjon, manuell melder, GD10P (Simtronics, Simrad), Senscient laser gas detection, acoustic gas detector m.m. fra flere kvalitetsleverand\u00f8rer. Forhandler H\u00e5land Instrumentering AS, et av Norges ledende firma innen brann og gassdeteksjon til offshore og onshore industrien i Norge. Vi har medarbeidere med h\u00f8y kompetanse og lang erfaring p\u00e5 omr\u00e5det.\",\"breadcrumb\":{\"@id\":\"https:\/\/hi-as.no\/no\/brann-gass-2\/#breadcrumb\"},\"inLanguage\":\"nb-NO\"},{\"@type\":\"ImageObject\",\"inLanguage\":\"nb-NO\",\"@id\":\"https:\/\/hi-as.no\/no\/brann-gass-2\/#primaryimage\",\"url\":\"https:\/\/hi-as.no\/wp-content\/uploads\/2020\/06\/Senscient_1-2.jpg\",\"contentUrl\":\"https:\/\/hi-as.no\/wp-content\/uploads\/2020\/06\/Senscient_1-2.jpg\",\"width\":300,\"height\":300,\"caption\":\"Senscient gass detektor gas detector Linje open path sensor Gasslekkasje leak gassm\u00e5ler gassalarm ELDS MSA Norge forhandler\"},{\"@type\":\"BreadcrumbList\",\"@id\":\"https:\/\/hi-as.no\/no\/brann-gass-2\/#breadcrumb\",\"itemListElement\":[{\"@type\":\"ListItem\",\"position\":1,\"name\":\"Hjem\",\"item\":\"https:\/\/hi-as.no\/no\/\"},{\"@type\":\"ListItem\",\"position\":2,\"name\":\"Brann &#038; gass\"}]},{\"@type\":\"WebSite\",\"@id\":\"https:\/\/hi-as.no\/no\/#website\",\"url\":\"https:\/\/hi-as.no\/no\/\",\"name\":\"H\u00e5land Instrumentering\",\"description\":\"\",\"potentialAction\":[{\"@type\":\"SearchAction\",\"target\":{\"@type\":\"EntryPoint\",\"urlTemplate\":\"https:\/\/hi-as.no\/no\/?s={search_term_string}\"},\"query-input\":{\"@type\":\"PropertyValueSpecification\",\"valueRequired\":true,\"valueName\":\"search_term_string\"}}],\"inLanguage\":\"nb-NO\"},{\"@type\":\"Person\",\"@id\":\"https:\/\/hi-as.no\/no\/#\/schema\/person\/e857fe6ebdb6c6d907a5709bb0616f48\",\"name\":\"Play Design\",\"sameAs\":[\"https:\/\/playdesign.no\"],\"url\":\"https:\/\/hi-as.no\/no\/author\/playsupport\/\"}]}<\/script>\n<!-- \/ Yoast SEO plugin. -->","yoast_head_json":{"title":"Brann & gass - H\u00e5land Instrumentering","description":"Gassdeteksjon, manuell melder, GD10P (Simtronics, Simrad), Senscient laser gas detection, acoustic gas detector m.m. fra flere kvalitetsleverand\u00f8rer. Forhandler H\u00e5land Instrumentering AS, et av Norges ledende firma innen brann og gassdeteksjon til offshore og onshore industrien i Norge. Vi har medarbeidere med h\u00f8y kompetanse og lang erfaring p\u00e5 omr\u00e5det.","robots":{"index":"index","follow":"follow","max-snippet":"max-snippet:-1","max-image-preview":"max-image-preview:large","max-video-preview":"max-video-preview:-1"},"canonical":"https:\/\/hi-as.no\/no\/brann-gass-2\/","og_locale":"nb_NO","og_type":"article","og_title":"Brann & gass - H\u00e5land Instrumentering","og_description":"Gassdeteksjon, manuell melder, GD10P (Simtronics, Simrad), Senscient laser gas detection, acoustic gas detector m.m. fra flere kvalitetsleverand\u00f8rer. Forhandler H\u00e5land Instrumentering AS, et av Norges ledende firma innen brann og gassdeteksjon til offshore og onshore industrien i Norge. Vi har medarbeidere med h\u00f8y kompetanse og lang erfaring p\u00e5 omr\u00e5det.","og_url":"https:\/\/hi-as.no\/no\/brann-gass-2\/","og_site_name":"H\u00e5land Instrumentering","article_modified_time":"2026-01-26T15:52:08+00:00","og_image":[{"width":300,"height":300,"url":"https:\/\/hi-as.no\/wp-content\/uploads\/2020\/06\/Senscient_1-2.jpg","type":"image\/jpeg"}],"twitter_card":"summary_large_image","twitter_misc":{"Ansl. lesetid":"1 minutt"},"schema":{"@context":"https:\/\/schema.org","@graph":[{"@type":"TechArticle","@id":"https:\/\/hi-as.no\/no\/brann-gass-2\/#article","isPartOf":{"@id":"https:\/\/hi-as.no\/no\/brann-gass-2\/"},"author":{"name":"Play Design","@id":"https:\/\/hi-as.no\/no\/#\/schema\/person\/e857fe6ebdb6c6d907a5709bb0616f48"},"headline":"Brann &#038; gass","datePublished":"2024-08-20T17:14:48+00:00","dateModified":"2026-01-26T15:52:08+00:00","mainEntityOfPage":{"@id":"https:\/\/hi-as.no\/no\/brann-gass-2\/"},"wordCount":137,"image":{"@id":"https:\/\/hi-as.no\/no\/brann-gass-2\/#primaryimage"},"thumbnailUrl":"https:\/\/hi-as.no\/wp-content\/uploads\/2020\/06\/Senscient_1-2.jpg","inLanguage":"nb-NO"},{"@type":["WebPage","CollectionPage"],"@id":"https:\/\/hi-as.no\/no\/brann-gass-2\/","url":"https:\/\/hi-as.no\/no\/brann-gass-2\/","name":"Brann & gass - H\u00e5land Instrumentering","isPartOf":{"@id":"https:\/\/hi-as.no\/no\/#website"},"primaryImageOfPage":{"@id":"https:\/\/hi-as.no\/no\/brann-gass-2\/#primaryimage"},"image":{"@id":"https:\/\/hi-as.no\/no\/brann-gass-2\/#primaryimage"},"thumbnailUrl":"https:\/\/hi-as.no\/wp-content\/uploads\/2020\/06\/Senscient_1-2.jpg","datePublished":"2024-08-20T17:14:48+00:00","dateModified":"2026-01-26T15:52:08+00:00","description":"Gassdeteksjon, manuell melder, GD10P (Simtronics, Simrad), Senscient laser gas detection, acoustic gas detector m.m. fra flere kvalitetsleverand\u00f8rer. Forhandler H\u00e5land Instrumentering AS, et av Norges ledende firma innen brann og gassdeteksjon til offshore og onshore industrien i Norge. Vi har medarbeidere med h\u00f8y kompetanse og lang erfaring p\u00e5 omr\u00e5det.","breadcrumb":{"@id":"https:\/\/hi-as.no\/no\/brann-gass-2\/#breadcrumb"},"inLanguage":"nb-NO"},{"@type":"ImageObject","inLanguage":"nb-NO","@id":"https:\/\/hi-as.no\/no\/brann-gass-2\/#primaryimage","url":"https:\/\/hi-as.no\/wp-content\/uploads\/2020\/06\/Senscient_1-2.jpg","contentUrl":"https:\/\/hi-as.no\/wp-content\/uploads\/2020\/06\/Senscient_1-2.jpg","width":300,"height":300,"caption":"Senscient gass detektor gas detector Linje open path sensor Gasslekkasje leak gassm\u00e5ler gassalarm ELDS MSA Norge forhandler"},{"@type":"BreadcrumbList","@id":"https:\/\/hi-as.no\/no\/brann-gass-2\/#breadcrumb","itemListElement":[{"@type":"ListItem","position":1,"name":"Hjem","item":"https:\/\/hi-as.no\/no\/"},{"@type":"ListItem","position":2,"name":"Brann &#038; gass"}]},{"@type":"WebSite","@id":"https:\/\/hi-as.no\/no\/#website","url":"https:\/\/hi-as.no\/no\/","name":"H\u00e5land Instrumentering","description":"","potentialAction":[{"@type":"SearchAction","target":{"@type":"EntryPoint","urlTemplate":"https:\/\/hi-as.no\/no\/?s={search_term_string}"},"query-input":{"@type":"PropertyValueSpecification","valueRequired":true,"valueName":"search_term_string"}}],"inLanguage":"nb-NO"},{"@type":"Person","@id":"https:\/\/hi-as.no\/no\/#\/schema\/person\/e857fe6ebdb6c6d907a5709bb0616f48","name":"Play Design","sameAs":["https:\/\/playdesign.no"],"url":"https:\/\/hi-as.no\/no\/author\/playsupport\/"}]}},"_links":{"self":[{"href":"https:\/\/hi-as.no\/no\/wp-json\/wp\/v2\/pages\/79231","targetHints":{"allow":["GET"]}}],"collection":[{"href":"https:\/\/hi-as.no\/no\/wp-json\/wp\/v2\/pages"}],"about":[{"href":"https:\/\/hi-as.no\/no\/wp-json\/wp\/v2\/types\/page"}],"author":[{"embeddable":true,"href":"https:\/\/hi-as.no\/no\/wp-json\/wp\/v2\/users\/3"}],"replies":[{"embeddable":true,"href":"https:\/\/hi-as.no\/no\/wp-json\/wp\/v2\/comments?post=79231"}],"version-history":[{"count":0,"href":"https:\/\/hi-as.no\/no\/wp-json\/wp\/v2\/pages\/79231\/revisions"}],"wp:featuredmedia":[{"embeddable":true,"href":"https:\/\/hi-as.no\/no\/wp-json\/wp\/v2\/media\/2649"}],"wp:attachment":[{"href":"https:\/\/hi-as.no\/no\/wp-json\/wp\/v2\/media?parent=79231"}],"curies":[{"name":"wp","href":"https:\/\/api.w.org\/{rel}","templated":true}]}}