{"id":79198,"date":"2024-08-20T19:14:48","date_gmt":"2024-08-20T17:14:48","guid":{"rendered":"https:\/\/hi-as.no\/?page_id=79198"},"modified":"2024-08-23T10:33:13","modified_gmt":"2024-08-23T08:33:13","slug":"feltinstrumentering","status":"publish","type":"page","link":"https:\/\/hi-as.no\/no\/feltinstrumentering\/","title":{"rendered":"Feltinstrumentering"},"content":{"rendered":"<div class=\"wpb-content-wrapper\"><p>[vc_section][vc_row row_height_percent=&raquo;0&#8243; override_padding=&raquo;yes&raquo; h_padding=&raquo;2&#8243; top_padding=&raquo;4&#8243; bottom_padding=&raquo;4&#8243; overlay_alpha=&raquo;50&#8243; gutter_size=&raquo;3&#8243; column_width_percent=&raquo;100&#8243; shift_y=&raquo;0&#8243; z_index=&raquo;0&#8243; uncode_shortcode_id=&raquo;731643&#8243;][vc_column width=&raquo;1\/1&#8243;][uncode_index el_id=&raquo;index-146785&#8243; isotope_mode=&raquo;cellsByRow&raquo; loop=&raquo;size:25|order_by:date|order:ASC|post_type:feltinstrumentering|taxonomy_count:10&#8243; screen_lg=&raquo;1000&#8243; screen_md=&raquo;600&#8243; screen_sm=&raquo;480&#8243; gutter_size=&raquo;3&#8243; inner_padding=&raquo;yes&raquo; feltinstrumentering_items=&raquo;media|featured|onpost|original,title,category|nobg|relative|hide-icon&raquo; images_size=&raquo;one-one&raquo; single_overlay_opacity=&raquo;50&#8243; single_overlay_anim=&raquo;no&raquo; single_text_visible=&raquo;yes&raquo; single_text_anim=&raquo;no&raquo; single_image_anim=&raquo;no&raquo; single_padding=&raquo;2&#8243; single_border=&raquo;yes&raquo; single_css_animation=&raquo;bottom-t-top&raquo; ansatte_items=&raquo;media|featured|onpost|original,title&raquo; uncode_shortcode_id=&raquo;187083&#8243;][\/vc_column][\/vc_row][\/vc_section]<\/p>\n<\/div>","protected":false},"excerpt":{"rendered":"<p>[vc_section][vc_row row_height_percent=&raquo;0&#8243; override_padding=&raquo;yes&raquo; h_padding=&raquo;2&#8243; top_padding=&raquo;4&#8243; bottom_padding=&raquo;4&#8243; overlay_alpha=&raquo;50&#8243; gutter_size=&raquo;3&#8243; column_width_percent=&raquo;100&#8243; shift_y=&raquo;0&#8243; z_index=&raquo;0&#8243; uncode_shortcode_id=&raquo;731643&#8243;][vc_column width=&raquo;1\/1&#8243;][uncode_index el_id=&raquo;index-146785&#8243; isotope_mode=&raquo;cellsByRow&raquo; loop=&raquo;size:25|order_by:date|order:ASC|post_type:feltinstrumentering|taxonomy_count:10&#8243; screen_lg=&raquo;1000&#8243; screen_md=&raquo;600&#8243; screen_sm=&raquo;480&#8243; gutter_size=&raquo;3&#8243; [&hellip;]<\/p>\n","protected":false},"author":3,"featured_media":4336,"parent":0,"menu_order":0,"comment_status":"closed","ping_status":"closed","template":"","meta":{"footnotes":""},"class_list":["post-79198","page","type-page","status-publish","has-post-thumbnail","hentry"],"yoast_head":"<!-- This site is optimized with the Yoast SEO plugin v27.0 - https:\/\/yoast.com\/product\/yoast-seo-wordpress\/ -->\n<title>Feltinstrumentering - H\u00e5land Instrumentering<\/title>\n<meta name=\"description\" content=\"trykk-, temperatur-, niv\u00e5- og flow-instrumenter fra kvalitetsprodusenter av anerkjente produkter. Vi tar ogs\u00e5 ansvar for hele instrumentpakker.\" \/>\n<meta name=\"robots\" content=\"index, follow, max-snippet:-1, max-image-preview:large, max-video-preview:-1\" \/>\n<link rel=\"canonical\" href=\"https:\/\/hi-as.no\/no\/feltinstrumentering\/\" \/>\n<meta property=\"og:locale\" content=\"nb_NO\" \/>\n<meta property=\"og:type\" content=\"article\" \/>\n<meta property=\"og:title\" content=\"Feltinstrumentering - H\u00e5land Instrumentering\" \/>\n<meta property=\"og:description\" content=\"trykk-, temperatur-, niv\u00e5- og flow-instrumenter fra kvalitetsprodusenter av anerkjente produkter. Vi tar ogs\u00e5 ansvar for hele instrumentpakker.\" \/>\n<meta property=\"og:url\" content=\"https:\/\/hi-as.no\/no\/feltinstrumentering\/\" \/>\n<meta property=\"og:site_name\" content=\"H\u00e5land Instrumentering\" \/>\n<meta property=\"article:modified_time\" content=\"2024-08-23T08:33:13+00:00\" \/>\n<meta property=\"og:image\" content=\"https:\/\/hi-as.no\/wp-content\/uploads\/2020\/09\/nivmling-tank-instrument-ultrasonic-sensor-transmitter-gauge-radar-Magnetrol-R86-w2.jpg\" \/>\n\t<meta property=\"og:image:width\" content=\"1920\" \/>\n\t<meta property=\"og:image:height\" content=\"1920\" \/>\n\t<meta property=\"og:image:type\" content=\"image\/jpeg\" \/>\n<meta name=\"twitter:card\" content=\"summary_large_image\" \/>\n<meta name=\"twitter:label1\" content=\"Ansl. lesetid\" \/>\n\t<meta name=\"twitter:data1\" content=\"1 minutt\" \/>\n<script type=\"application\/ld+json\" class=\"yoast-schema-graph\">{\"@context\":\"https:\/\/schema.org\",\"@graph\":[{\"@type\":\"TechArticle\",\"@id\":\"https:\/\/hi-as.no\/no\/feltinstrumentering\/#article\",\"isPartOf\":{\"@id\":\"https:\/\/hi-as.no\/no\/feltinstrumentering\/\"},\"author\":{\"name\":\"Play Design\",\"@id\":\"https:\/\/hi-as.no\/no\/#\/schema\/person\/e857fe6ebdb6c6d907a5709bb0616f48\"},\"headline\":\"Feltinstrumentering\",\"datePublished\":\"2024-08-20T17:14:48+00:00\",\"dateModified\":\"2024-08-23T08:33:13+00:00\",\"mainEntityOfPage\":{\"@id\":\"https:\/\/hi-as.no\/no\/feltinstrumentering\/\"},\"wordCount\":123,\"image\":{\"@id\":\"https:\/\/hi-as.no\/no\/feltinstrumentering\/#primaryimage\"},\"thumbnailUrl\":\"https:\/\/hi-as.no\/wp-content\/uploads\/2020\/09\/nivmling-tank-instrument-ultrasonic-sensor-transmitter-gauge-radar-Magnetrol-R86-w2.jpg\",\"inLanguage\":\"nb-NO\"},{\"@type\":[\"WebPage\",\"CollectionPage\"],\"@id\":\"https:\/\/hi-as.no\/no\/feltinstrumentering\/\",\"url\":\"https:\/\/hi-as.no\/no\/feltinstrumentering\/\",\"name\":\"Feltinstrumentering - H\u00e5land Instrumentering\",\"isPartOf\":{\"@id\":\"https:\/\/hi-as.no\/no\/#website\"},\"primaryImageOfPage\":{\"@id\":\"https:\/\/hi-as.no\/no\/feltinstrumentering\/#primaryimage\"},\"image\":{\"@id\":\"https:\/\/hi-as.no\/no\/feltinstrumentering\/#primaryimage\"},\"thumbnailUrl\":\"https:\/\/hi-as.no\/wp-content\/uploads\/2020\/09\/nivmling-tank-instrument-ultrasonic-sensor-transmitter-gauge-radar-Magnetrol-R86-w2.jpg\",\"datePublished\":\"2024-08-20T17:14:48+00:00\",\"dateModified\":\"2024-08-23T08:33:13+00:00\",\"description\":\"trykk-, temperatur-, niv\u00e5- og flow-instrumenter fra kvalitetsprodusenter av anerkjente produkter. Vi tar ogs\u00e5 ansvar for hele instrumentpakker.\",\"breadcrumb\":{\"@id\":\"https:\/\/hi-as.no\/no\/feltinstrumentering\/#breadcrumb\"},\"inLanguage\":\"nb-NO\"},{\"@type\":\"ImageObject\",\"inLanguage\":\"nb-NO\",\"@id\":\"https:\/\/hi-as.no\/no\/feltinstrumentering\/#primaryimage\",\"url\":\"https:\/\/hi-as.no\/wp-content\/uploads\/2020\/09\/nivmling-tank-instrument-ultrasonic-sensor-transmitter-gauge-radar-Magnetrol-R86-w2.jpg\",\"contentUrl\":\"https:\/\/hi-as.no\/wp-content\/uploads\/2020\/09\/nivmling-tank-instrument-ultrasonic-sensor-transmitter-gauge-radar-Magnetrol-R86-w2.jpg\",\"width\":1920,\"height\":1920,\"caption\":\"Niv\u00e5m\u00e5ling level transmitter Pulsar R86\"},{\"@type\":\"BreadcrumbList\",\"@id\":\"https:\/\/hi-as.no\/no\/feltinstrumentering\/#breadcrumb\",\"itemListElement\":[{\"@type\":\"ListItem\",\"position\":1,\"name\":\"Hjem\",\"item\":\"https:\/\/hi-as.no\/no\/\"},{\"@type\":\"ListItem\",\"position\":2,\"name\":\"Feltinstrumentering\"}]},{\"@type\":\"WebSite\",\"@id\":\"https:\/\/hi-as.no\/no\/#website\",\"url\":\"https:\/\/hi-as.no\/no\/\",\"name\":\"H\u00e5land Instrumentering\",\"description\":\"\",\"potentialAction\":[{\"@type\":\"SearchAction\",\"target\":{\"@type\":\"EntryPoint\",\"urlTemplate\":\"https:\/\/hi-as.no\/no\/?s={search_term_string}\"},\"query-input\":{\"@type\":\"PropertyValueSpecification\",\"valueRequired\":true,\"valueName\":\"search_term_string\"}}],\"inLanguage\":\"nb-NO\"},{\"@type\":\"Person\",\"@id\":\"https:\/\/hi-as.no\/no\/#\/schema\/person\/e857fe6ebdb6c6d907a5709bb0616f48\",\"name\":\"Play Design\",\"sameAs\":[\"https:\/\/playdesign.no\"],\"url\":\"https:\/\/hi-as.no\/no\/author\/playsupport\/\"}]}<\/script>\n<!-- \/ Yoast SEO plugin. -->","yoast_head_json":{"title":"Feltinstrumentering - H\u00e5land Instrumentering","description":"trykk-, temperatur-, niv\u00e5- og flow-instrumenter fra kvalitetsprodusenter av anerkjente produkter. Vi tar ogs\u00e5 ansvar for hele instrumentpakker.","robots":{"index":"index","follow":"follow","max-snippet":"max-snippet:-1","max-image-preview":"max-image-preview:large","max-video-preview":"max-video-preview:-1"},"canonical":"https:\/\/hi-as.no\/no\/feltinstrumentering\/","og_locale":"nb_NO","og_type":"article","og_title":"Feltinstrumentering - H\u00e5land Instrumentering","og_description":"trykk-, temperatur-, niv\u00e5- og flow-instrumenter fra kvalitetsprodusenter av anerkjente produkter. Vi tar ogs\u00e5 ansvar for hele instrumentpakker.","og_url":"https:\/\/hi-as.no\/no\/feltinstrumentering\/","og_site_name":"H\u00e5land Instrumentering","article_modified_time":"2024-08-23T08:33:13+00:00","og_image":[{"width":1920,"height":1920,"url":"https:\/\/hi-as.no\/wp-content\/uploads\/2020\/09\/nivmling-tank-instrument-ultrasonic-sensor-transmitter-gauge-radar-Magnetrol-R86-w2.jpg","type":"image\/jpeg"}],"twitter_card":"summary_large_image","twitter_misc":{"Ansl. lesetid":"1 minutt"},"schema":{"@context":"https:\/\/schema.org","@graph":[{"@type":"TechArticle","@id":"https:\/\/hi-as.no\/no\/feltinstrumentering\/#article","isPartOf":{"@id":"https:\/\/hi-as.no\/no\/feltinstrumentering\/"},"author":{"name":"Play Design","@id":"https:\/\/hi-as.no\/no\/#\/schema\/person\/e857fe6ebdb6c6d907a5709bb0616f48"},"headline":"Feltinstrumentering","datePublished":"2024-08-20T17:14:48+00:00","dateModified":"2024-08-23T08:33:13+00:00","mainEntityOfPage":{"@id":"https:\/\/hi-as.no\/no\/feltinstrumentering\/"},"wordCount":123,"image":{"@id":"https:\/\/hi-as.no\/no\/feltinstrumentering\/#primaryimage"},"thumbnailUrl":"https:\/\/hi-as.no\/wp-content\/uploads\/2020\/09\/nivmling-tank-instrument-ultrasonic-sensor-transmitter-gauge-radar-Magnetrol-R86-w2.jpg","inLanguage":"nb-NO"},{"@type":["WebPage","CollectionPage"],"@id":"https:\/\/hi-as.no\/no\/feltinstrumentering\/","url":"https:\/\/hi-as.no\/no\/feltinstrumentering\/","name":"Feltinstrumentering - H\u00e5land Instrumentering","isPartOf":{"@id":"https:\/\/hi-as.no\/no\/#website"},"primaryImageOfPage":{"@id":"https:\/\/hi-as.no\/no\/feltinstrumentering\/#primaryimage"},"image":{"@id":"https:\/\/hi-as.no\/no\/feltinstrumentering\/#primaryimage"},"thumbnailUrl":"https:\/\/hi-as.no\/wp-content\/uploads\/2020\/09\/nivmling-tank-instrument-ultrasonic-sensor-transmitter-gauge-radar-Magnetrol-R86-w2.jpg","datePublished":"2024-08-20T17:14:48+00:00","dateModified":"2024-08-23T08:33:13+00:00","description":"trykk-, temperatur-, niv\u00e5- og flow-instrumenter fra kvalitetsprodusenter av anerkjente produkter. Vi tar ogs\u00e5 ansvar for hele instrumentpakker.","breadcrumb":{"@id":"https:\/\/hi-as.no\/no\/feltinstrumentering\/#breadcrumb"},"inLanguage":"nb-NO"},{"@type":"ImageObject","inLanguage":"nb-NO","@id":"https:\/\/hi-as.no\/no\/feltinstrumentering\/#primaryimage","url":"https:\/\/hi-as.no\/wp-content\/uploads\/2020\/09\/nivmling-tank-instrument-ultrasonic-sensor-transmitter-gauge-radar-Magnetrol-R86-w2.jpg","contentUrl":"https:\/\/hi-as.no\/wp-content\/uploads\/2020\/09\/nivmling-tank-instrument-ultrasonic-sensor-transmitter-gauge-radar-Magnetrol-R86-w2.jpg","width":1920,"height":1920,"caption":"Niv\u00e5m\u00e5ling level transmitter Pulsar R86"},{"@type":"BreadcrumbList","@id":"https:\/\/hi-as.no\/no\/feltinstrumentering\/#breadcrumb","itemListElement":[{"@type":"ListItem","position":1,"name":"Hjem","item":"https:\/\/hi-as.no\/no\/"},{"@type":"ListItem","position":2,"name":"Feltinstrumentering"}]},{"@type":"WebSite","@id":"https:\/\/hi-as.no\/no\/#website","url":"https:\/\/hi-as.no\/no\/","name":"H\u00e5land Instrumentering","description":"","potentialAction":[{"@type":"SearchAction","target":{"@type":"EntryPoint","urlTemplate":"https:\/\/hi-as.no\/no\/?s={search_term_string}"},"query-input":{"@type":"PropertyValueSpecification","valueRequired":true,"valueName":"search_term_string"}}],"inLanguage":"nb-NO"},{"@type":"Person","@id":"https:\/\/hi-as.no\/no\/#\/schema\/person\/e857fe6ebdb6c6d907a5709bb0616f48","name":"Play Design","sameAs":["https:\/\/playdesign.no"],"url":"https:\/\/hi-as.no\/no\/author\/playsupport\/"}]}},"_links":{"self":[{"href":"https:\/\/hi-as.no\/no\/wp-json\/wp\/v2\/pages\/79198","targetHints":{"allow":["GET"]}}],"collection":[{"href":"https:\/\/hi-as.no\/no\/wp-json\/wp\/v2\/pages"}],"about":[{"href":"https:\/\/hi-as.no\/no\/wp-json\/wp\/v2\/types\/page"}],"author":[{"embeddable":true,"href":"https:\/\/hi-as.no\/no\/wp-json\/wp\/v2\/users\/3"}],"replies":[{"embeddable":true,"href":"https:\/\/hi-as.no\/no\/wp-json\/wp\/v2\/comments?post=79198"}],"version-history":[{"count":0,"href":"https:\/\/hi-as.no\/no\/wp-json\/wp\/v2\/pages\/79198\/revisions"}],"wp:featuredmedia":[{"embeddable":true,"href":"https:\/\/hi-as.no\/no\/wp-json\/wp\/v2\/media\/4336"}],"wp:attachment":[{"href":"https:\/\/hi-as.no\/no\/wp-json\/wp\/v2\/media?parent=79198"}],"curies":[{"name":"wp","href":"https:\/\/api.w.org\/{rel}","templated":true}]}}