{"id":78964,"date":"2021-02-24T02:10:26","date_gmt":"2021-02-24T01:10:26","guid":{"rendered":"https:\/\/hi-as.no\/?page_id=78964"},"modified":"2025-02-10T15:55:34","modified_gmt":"2025-02-10T14:55:34","slug":"informasjonskapsler","status":"publish","type":"page","link":"https:\/\/hi-as.no\/no\/informasjonskapsler\/","title":{"rendered":"Informasjonskapsler"},"content":{"rendered":"<div class=\"wpb-content-wrapper\"><p>[vc_row row_height_percent=&raquo;0&#8243; override_padding=&raquo;yes&raquo; h_padding=&raquo;2&#8243; top_padding=&raquo;2&#8243; bottom_padding=&raquo;6&#8243; overlay_alpha=&raquo;50&#8243; gutter_size=&raquo;3&#8243; column_width_percent=&raquo;100&#8243; shift_y=&raquo;0&#8243; z_index=&raquo;0&#8243;][vc_column width=&raquo;1\/1&#8243;][vc_row_inner limit_content=&raquo;&raquo;][vc_column_inner column_width_percent=&raquo;100&#8243; gutter_size=&raquo;2&#8243; overlay_alpha=&raquo;50&#8243; shift_x=&raquo;0&#8243; shift_y=&raquo;0&#8243; shift_y_down=&raquo;0&#8243; z_index=&raquo;0&#8243; medium_width=&raquo;0&#8243; mobile_width=&raquo;0&#8243; width=&raquo;1\/1&#8243;][vc_custom_heading text_size=&raquo;h5&#8243;]Bruk av informasjonskapsler[\/vc_custom_heading][vc_column_text uncode_shortcode_id=&raquo;928320&#8243;]H\u00e5land Instrumentering bruker informasjonskapsler (cookies) p\u00e5 nettsidene v\u00e5re. Informasjonskapsler er data som blir sendt fra servere og lagret i nettleseren din, og vi bruker disse til \u00e5 forbedre brukeropplevelsen p\u00e5 v\u00e5re tjenester. Vi deler ikke noe av informasjonen som samles inn med tredjeparter, og v\u00e5re informasjonskapsler er regulert under norsk lov om elektronisk kommunikasjon <a href=\"https:\/\/lovdata.no\/lov\/2024-12-13-76\/\u00a73-15\" target=\"_blank\" rel=\"noopener noreferrer\">\u00a7 3-15<\/a>.[\/vc_column_text][\/vc_column_inner][\/vc_row_inner][vc_row_inner limit_content=&raquo;&raquo;][vc_column_inner column_width_percent=&raquo;100&#8243; gutter_size=&raquo;2&#8243; overlay_alpha=&raquo;50&#8243; shift_x=&raquo;0&#8243; shift_y=&raquo;0&#8243; shift_y_down=&raquo;0&#8243; z_index=&raquo;0&#8243; medium_width=&raquo;0&#8243; mobile_width=&raquo;0&#8243; width=&raquo;1\/1&#8243;][vc_custom_heading heading_semantic=&raquo;h3&#8243; text_size=&raquo;h5&#8243;]Hvordan fungerer det?[\/vc_custom_heading][vc_column_text]En informasjonskapsel er en tekstfil som lagres i nettleseren din n\u00e5r du bes\u00f8ker nettsidene v\u00e5re. Vi benytter informasjonskapsler til \u00e5 forbedre v\u00e5re tjenester og huske dine personlige preferanser. Du kan administrere hvordan disse lagres p\u00e5 enheten ved \u00e5 endre innstillingene i nettleseren din. Her kan du ogs\u00e5 slette lagrede informasjonskapsler. Merk at om du blokkerer informasjonskapsler vil dette kunne p\u00e5virke bruken av v\u00e5re tjenester og fjerne dine personlige preferanser.[\/vc_column_text][\/vc_column_inner][\/vc_row_inner][vc_row_inner limit_content=&raquo;&raquo;][vc_column_inner column_width_percent=&raquo;100&#8243; gutter_size=&raquo;2&#8243; overlay_alpha=&raquo;50&#8243; shift_x=&raquo;0&#8243; shift_y=&raquo;0&#8243; shift_y_down=&raquo;0&#8243; z_index=&raquo;0&#8243; medium_width=&raquo;0&#8243; mobile_width=&raquo;0&#8243; width=&raquo;1\/1&#8243;][vc_custom_heading heading_semantic=&raquo;h3&#8243; text_size=&raquo;h5&#8243;]Hva bruker vi informasjonskapsler til?[\/vc_custom_heading][vc_column_text]<\/p>\n<ul>\n<li>Vi bruker informasjonskapsler til \u00e5 forbedre v\u00e5re nettsider og huske dine personlige preferanser som passord og spr\u00e5k.<\/li>\n<li>Vi bruker <a href=\"https:\/\/www.google.com\/analytics\/\" target=\"_blank\" rel=\"noopener noreferrer\">Google Analytics<\/a> til \u00e5 generere statistikk om bes\u00f8kende til v\u00e5re nettsider og analysere deres bruk av dem.<\/li>\n<\/ul>\n<p>[\/vc_column_text][\/vc_column_inner][\/vc_row_inner][vc_row_inner limit_content=&raquo;&raquo;][vc_column_inner column_width_percent=&raquo;100&#8243; gutter_size=&raquo;2&#8243; overlay_alpha=&raquo;50&#8243; shift_x=&raquo;0&#8243; shift_y=&raquo;0&#8243; shift_y_down=&raquo;0&#8243; z_index=&raquo;0&#8243; medium_width=&raquo;0&#8243; mobile_width=&raquo;0&#8243; width=&raquo;1\/1&#8243;][vc_custom_heading heading_semantic=&raquo;h3&#8243; text_size=&raquo;h5&#8243;]Hvordan fjerner jeg informasjonskapsler?[\/vc_custom_heading][vc_column_text]Loven krever at bes\u00f8kende til v\u00e5re nettsider samtykker til at vi benytter informasjonskapsler, men det er nok \u00e5 be om samtykke \u00e9n gang s\u00e5 lenge vi ikke endrer vilk\u00e5rene. De fleste nettleserene aksepterer informasjonskapsler automatisk, men dette kan du endre under innstillingene i nettleseren din. Bes\u00f8k gitt side for din nettleser for mer informasjon om hvordan du sletter eller blokkerer informasjonskapsler: <a href=\"https:\/\/support.google.com\/chrome\/answer\/95647?hl=no&amp;co=GENIE.Platform\" target=\"_blank\" rel=\"noopener noreferrer\">Chrome<\/a>, <a href=\"https:\/\/support.apple.com\/no-no\/guide\/safari\/manage-cookies-and-website-data-sfri11471\/mac\" target=\"_blank\" rel=\"noopener noreferrer\">Safari<\/a>, <a href=\"https:\/\/support.apple.com\/no-no\/HT201265\" target=\"_blank\" rel=\"noopener noreferrer\">Safari iOS<\/a>, <a href=\"https:\/\/help.opera.com\/en\/latest\/web-preferences\/#cookies\" target=\"_blank\" rel=\"noopener noreferrer\">Opera<\/a>, <a href=\"https:\/\/support.mozilla.org\/no\/kb\/aktiver-og-deaktiver-infokapsler\" target=\"_blank\" rel=\"noopener noreferrer\">Firefox<\/a>, <a href=\"https:\/\/support.microsoft.com\/nb-no\/help\/17442\/windows-internet-explorer-delete-manage-cookies\" target=\"_blank\" rel=\"noopener noreferrer\">Explorer<\/a>, <a href=\"https:\/\/privacy.microsoft.com\/nb-no\/windows-10-microsoft-edge-and-privacy\" target=\"_blank\" rel=\"noopener noreferrer\">Edge<\/a>.[\/vc_column_text][\/vc_column_inner][\/vc_row_inner][vc_empty_space empty_h=&raquo;2&#8243;][vc_single_image media=&raquo;78948&#8243; media_width_percent=&raquo;100&#8243;][\/vc_column][\/vc_row]<\/p>\n<\/div>","protected":false},"excerpt":{"rendered":"<p>[vc_row row_height_percent=&raquo;0&#8243; override_padding=&raquo;yes&raquo; h_padding=&raquo;2&#8243; top_padding=&raquo;2&#8243; bottom_padding=&raquo;6&#8243; overlay_alpha=&raquo;50&#8243; gutter_size=&raquo;3&#8243; column_width_percent=&raquo;100&#8243; shift_y=&raquo;0&#8243; z_index=&raquo;0&#8243;][vc_column width=&raquo;1\/1&#8243;][vc_row_inner limit_content=&raquo;&raquo;][vc_column_inner column_width_percent=&raquo;100&#8243; gutter_size=&raquo;2&#8243; overlay_alpha=&raquo;50&#8243; shift_x=&raquo;0&#8243; shift_y=&raquo;0&#8243; shift_y_down=&raquo;0&#8243; z_index=&raquo;0&#8243; [&hellip;]<\/p>\n","protected":false},"author":3,"featured_media":0,"parent":0,"menu_order":0,"comment_status":"closed","ping_status":"closed","template":"","meta":{"footnotes":""},"class_list":["post-78964","page","type-page","status-publish","hentry"],"yoast_head":"<!-- This site is optimized with the Yoast SEO plugin v27.0 - https:\/\/yoast.com\/product\/yoast-seo-wordpress\/ -->\n<title>Informasjonskapsler - H\u00e5land Instrumentering<\/title>\n<meta name=\"robots\" content=\"index, follow, max-snippet:-1, max-image-preview:large, max-video-preview:-1\" \/>\n<link rel=\"canonical\" href=\"https:\/\/hi-as.no\/no\/informasjonskapsler\/\" \/>\n<meta property=\"og:locale\" content=\"nb_NO\" \/>\n<meta property=\"og:type\" content=\"article\" \/>\n<meta property=\"og:title\" content=\"Informasjonskapsler - H\u00e5land Instrumentering\" \/>\n<meta property=\"og:description\" content=\"[vc_row row_height_percent=&raquo;0&#8243; override_padding=&raquo;yes&raquo; h_padding=&raquo;2&#8243; top_padding=&raquo;2&#8243; bottom_padding=&raquo;6&#8243; overlay_alpha=&raquo;50&#8243; gutter_size=&raquo;3&#8243; column_width_percent=&raquo;100&#8243; shift_y=&raquo;0&#8243; z_index=&raquo;0&#8243;][vc_column width=&raquo;1\/1&#8243;][vc_row_inner limit_content=&raquo;&raquo;][vc_column_inner column_width_percent=&raquo;100&#8243; gutter_size=&raquo;2&#8243; overlay_alpha=&raquo;50&#8243; shift_x=&raquo;0&#8243; shift_y=&raquo;0&#8243; shift_y_down=&raquo;0&#8243; z_index=&raquo;0&#8243; [&hellip;]\" \/>\n<meta property=\"og:url\" content=\"https:\/\/hi-as.no\/no\/informasjonskapsler\/\" \/>\n<meta property=\"og:site_name\" content=\"H\u00e5land Instrumentering\" \/>\n<meta property=\"article:modified_time\" content=\"2025-02-10T14:55:34+00:00\" \/>\n<meta name=\"twitter:card\" content=\"summary_large_image\" \/>\n<meta name=\"twitter:label1\" content=\"Ansl. lesetid\" \/>\n\t<meta name=\"twitter:data1\" content=\"3 minutter\" \/>\n<script type=\"application\/ld+json\" class=\"yoast-schema-graph\">{\"@context\":\"https:\/\/schema.org\",\"@graph\":[{\"@type\":\"WebPage\",\"@id\":\"https:\/\/hi-as.no\/no\/informasjonskapsler\/\",\"url\":\"https:\/\/hi-as.no\/no\/informasjonskapsler\/\",\"name\":\"Informasjonskapsler - H\u00e5land Instrumentering\",\"isPartOf\":{\"@id\":\"https:\/\/hi-as.no\/no\/#website\"},\"datePublished\":\"2021-02-24T01:10:26+00:00\",\"dateModified\":\"2025-02-10T14:55:34+00:00\",\"breadcrumb\":{\"@id\":\"https:\/\/hi-as.no\/no\/informasjonskapsler\/#breadcrumb\"},\"inLanguage\":\"nb-NO\",\"potentialAction\":[{\"@type\":\"ReadAction\",\"target\":[\"https:\/\/hi-as.no\/no\/informasjonskapsler\/\"]}]},{\"@type\":\"BreadcrumbList\",\"@id\":\"https:\/\/hi-as.no\/no\/informasjonskapsler\/#breadcrumb\",\"itemListElement\":[{\"@type\":\"ListItem\",\"position\":1,\"name\":\"Hjem\",\"item\":\"https:\/\/hi-as.no\/no\/\"},{\"@type\":\"ListItem\",\"position\":2,\"name\":\"Informasjonskapsler\"}]},{\"@type\":\"WebSite\",\"@id\":\"https:\/\/hi-as.no\/no\/#website\",\"url\":\"https:\/\/hi-as.no\/no\/\",\"name\":\"H\u00e5land Instrumentering\",\"description\":\"\",\"potentialAction\":[{\"@type\":\"SearchAction\",\"target\":{\"@type\":\"EntryPoint\",\"urlTemplate\":\"https:\/\/hi-as.no\/no\/?s={search_term_string}\"},\"query-input\":{\"@type\":\"PropertyValueSpecification\",\"valueRequired\":true,\"valueName\":\"search_term_string\"}}],\"inLanguage\":\"nb-NO\"}]}<\/script>\n<!-- \/ Yoast SEO plugin. -->","yoast_head_json":{"title":"Informasjonskapsler - H\u00e5land Instrumentering","robots":{"index":"index","follow":"follow","max-snippet":"max-snippet:-1","max-image-preview":"max-image-preview:large","max-video-preview":"max-video-preview:-1"},"canonical":"https:\/\/hi-as.no\/no\/informasjonskapsler\/","og_locale":"nb_NO","og_type":"article","og_title":"Informasjonskapsler - H\u00e5land Instrumentering","og_description":"[vc_row row_height_percent=&raquo;0&#8243; override_padding=&raquo;yes&raquo; h_padding=&raquo;2&#8243; top_padding=&raquo;2&#8243; bottom_padding=&raquo;6&#8243; overlay_alpha=&raquo;50&#8243; gutter_size=&raquo;3&#8243; column_width_percent=&raquo;100&#8243; shift_y=&raquo;0&#8243; z_index=&raquo;0&#8243;][vc_column width=&raquo;1\/1&#8243;][vc_row_inner limit_content=&raquo;&raquo;][vc_column_inner column_width_percent=&raquo;100&#8243; gutter_size=&raquo;2&#8243; overlay_alpha=&raquo;50&#8243; shift_x=&raquo;0&#8243; shift_y=&raquo;0&#8243; shift_y_down=&raquo;0&#8243; z_index=&raquo;0&#8243; [&hellip;]","og_url":"https:\/\/hi-as.no\/no\/informasjonskapsler\/","og_site_name":"H\u00e5land Instrumentering","article_modified_time":"2025-02-10T14:55:34+00:00","twitter_card":"summary_large_image","twitter_misc":{"Ansl. lesetid":"3 minutter"},"schema":{"@context":"https:\/\/schema.org","@graph":[{"@type":"WebPage","@id":"https:\/\/hi-as.no\/no\/informasjonskapsler\/","url":"https:\/\/hi-as.no\/no\/informasjonskapsler\/","name":"Informasjonskapsler - H\u00e5land Instrumentering","isPartOf":{"@id":"https:\/\/hi-as.no\/no\/#website"},"datePublished":"2021-02-24T01:10:26+00:00","dateModified":"2025-02-10T14:55:34+00:00","breadcrumb":{"@id":"https:\/\/hi-as.no\/no\/informasjonskapsler\/#breadcrumb"},"inLanguage":"nb-NO","potentialAction":[{"@type":"ReadAction","target":["https:\/\/hi-as.no\/no\/informasjonskapsler\/"]}]},{"@type":"BreadcrumbList","@id":"https:\/\/hi-as.no\/no\/informasjonskapsler\/#breadcrumb","itemListElement":[{"@type":"ListItem","position":1,"name":"Hjem","item":"https:\/\/hi-as.no\/no\/"},{"@type":"ListItem","position":2,"name":"Informasjonskapsler"}]},{"@type":"WebSite","@id":"https:\/\/hi-as.no\/no\/#website","url":"https:\/\/hi-as.no\/no\/","name":"H\u00e5land Instrumentering","description":"","potentialAction":[{"@type":"SearchAction","target":{"@type":"EntryPoint","urlTemplate":"https:\/\/hi-as.no\/no\/?s={search_term_string}"},"query-input":{"@type":"PropertyValueSpecification","valueRequired":true,"valueName":"search_term_string"}}],"inLanguage":"nb-NO"}]}},"_links":{"self":[{"href":"https:\/\/hi-as.no\/no\/wp-json\/wp\/v2\/pages\/78964","targetHints":{"allow":["GET"]}}],"collection":[{"href":"https:\/\/hi-as.no\/no\/wp-json\/wp\/v2\/pages"}],"about":[{"href":"https:\/\/hi-as.no\/no\/wp-json\/wp\/v2\/types\/page"}],"author":[{"embeddable":true,"href":"https:\/\/hi-as.no\/no\/wp-json\/wp\/v2\/users\/3"}],"replies":[{"embeddable":true,"href":"https:\/\/hi-as.no\/no\/wp-json\/wp\/v2\/comments?post=78964"}],"version-history":[{"count":0,"href":"https:\/\/hi-as.no\/no\/wp-json\/wp\/v2\/pages\/78964\/revisions"}],"wp:attachment":[{"href":"https:\/\/hi-as.no\/no\/wp-json\/wp\/v2\/media?parent=78964"}],"curies":[{"name":"wp","href":"https:\/\/api.w.org\/{rel}","templated":true}]}}