{"id":78962,"date":"2021-02-24T02:08:11","date_gmt":"2021-02-24T01:08:11","guid":{"rendered":"https:\/\/hi-as.no\/?page_id=78962"},"modified":"2024-08-20T12:27:17","modified_gmt":"2024-08-20T10:27:17","slug":"personvernerklaering","status":"publish","type":"page","link":"https:\/\/hi-as.no\/no\/personvernerklaering\/","title":{"rendered":"Personvernerkl\u00e6ring"},"content":{"rendered":"<div class=\"wpb-content-wrapper\"><p>[vc_row][vc_column width=&raquo;1\/1&#8243;][vc_custom_heading uncode_shortcode_id=&raquo;203077&#8243; subheading=&raquo;for H\u00e5land Instrumentering AS&raquo;]<\/p>\n<div class=\"header\">\n<p>Personvernerkl\u00e6ring<\/p>\n<\/div>\n<p>[\/vc_custom_heading][vc_column_text uncode_shortcode_id=&raquo;101081&#8243;]<strong>Personvernerkl\u00e6ring<\/strong><\/p>\n<p>Denne personvernerl\u00e6ringen gjelder for H\u00e5land Instrumentering AS<br \/>\nOrg.nr. 985370761<\/p>\n<p><strong>Opplysninger som behandles<\/strong><br \/>\nH\u00e5land Instrumentering AS har behov for \u00e5 samle inn og behandle personopplysninger i sitt daglige virke b\u00e5de generelt og sin nettside.<\/p>\n<p><strong>Hvilke personopplysninger behandles?<\/strong><br \/>\n\u2013 Kunde- og leverand\u00f8rnavn<br \/>\n\u2013 Kontaktperson\/Stilling<br \/>\n\u2013 Firmaadresse<br \/>\n\u2013 Telefon nr. og e-post adresse<\/p>\n<p><strong>Hvor hentes opplysningene fra?<\/strong><br \/>\nH\u00e5land Instrumentering AS samler inn opplysninger gjennom kontaktskjema p\u00e5 v\u00e5re nettsider samt korrespondanse relatert til v\u00e5re oppdrag.<\/p>\n<p><strong>Hva er form\u00e5let?<\/strong><br \/>\nM\u00e5let med \u00e5 samle inn kontaktinformasjon og ha et kontaktskjema kunde kan sende til oss er for \u00e5 kunne tilby v\u00e5re produkter, tjenester og service samt svare kunder og leverand\u00f8rer p\u00e5 henvendelser de m\u00e5tte ha.<\/p>\n<p><strong>Hvordan lagres opplysningene?<\/strong><br \/>\nInformasjonen innhentet lagres p\u00e5 lokal server i v\u00e5rt CRM system og Visma Global.<\/p>\n<p><strong>Utlevering av informasjon til tredjepart<\/strong><br \/>\nPersonopplysninger deles ikke med utenforst\u00e5ende tredjeparter, men H\u00e5land Instrumentering AS bruker underleverand\u00f8rer p\u00e5 enkelte data-, drift- og administrasjonstjenester. H\u00e5land Instrumentering AS som behandlingsansvarlig har inng\u00e5tt databehandleravtaler med v\u00e5re databehandlere.<\/p>\n<p><strong>Er det frivillig \u00e5 gi fra seg opplysningene?<\/strong><br \/>\nH\u00e5land Instrumentering AS er forpliktet overfor sine oppdragsgivere p\u00e5 enkelte service oppdrag offshore \u00e5 innhente personopplysninger.<br \/>\nH\u00e5land Instrumentering AS utf\u00f8rer elektroniske sp\u00f8rreunders\u00f8kelser om kundetilfredshet. Vi vil alltid informere om form\u00e5let med unders\u00f8kelsen og hvorvidt den er anonym eller ikke. H\u00e5land Instrumentering AS vil ikke dele opplysningene med andre eller bruke opplysningene til andre form\u00e5l enn det som er opplyst i sp\u00f8rreunders\u00f8kelsen.<\/p>\n<p><strong>Hvordan slettes opplysningene?<\/strong><br \/>\nInformasjon slettes p\u00e5 oppfordring ved \u00e5 kontakte v\u00e5r behandlingsansvarlig.<\/p>\n<p><strong>Hvilke rettigheter har den registrerte og hvilket lands lovverk gjelder?<\/strong><br \/>\nSom bruker av nettsidene v\u00e5re har du rett til \u00e5 kreve innsyn i personopplysningene som vi behandler om deg og hvordan de behandles. Du kan kreve retting, sletting og begrensninger i behandlingen av personopplysningene i henhold til personopplysningsloven. Hvor behandlingen av personopplysninger er basert p\u00e5 samtykke kan du til enhver tid trekke samtykke tilbake. H\u00e5land Instrumentering AS forholder seg til norske lover og regler i sitt arbeid.<\/p>\n<p><strong>Kontaktinformasjon<\/strong><br \/>\nTelefon: +47 51719700<br \/>\nE-post: post@hi-as.no<br \/>\nH\u00e5land Instrumentering AS<br \/>\nTangen 12, 4072 RANDABERG<br \/>\nBehandlingsansvarlig:<br \/>\nTerje H\u00e5land<br \/>\nArvid Eie<\/p>\n<p><em>Rev01_Jan-2019_-_GDPR-personvern<\/em>[\/vc_column_text][vc_empty_space empty_h=&raquo;4&#8243;][\/vc_column][\/vc_row]<\/p>\n<\/div>","protected":false},"excerpt":{"rendered":"<p>[vc_row][vc_column width=&raquo;1\/1&#8243;][vc_custom_heading uncode_shortcode_id=&raquo;203077&#8243; subheading=&raquo;for H\u00e5land Instrumentering AS&raquo;] Personvernerkl\u00e6ring [\/vc_custom_heading][vc_column_text uncode_shortcode_id=&raquo;101081&#8243;]Personvernerkl\u00e6ring Denne personvernerl\u00e6ringen gjelder for H\u00e5land Instrumentering AS Org.nr. 985370761 Opplysninger [&hellip;]<\/p>\n","protected":false},"author":3,"featured_media":0,"parent":0,"menu_order":0,"comment_status":"closed","ping_status":"closed","template":"","meta":{"footnotes":""},"class_list":["post-78962","page","type-page","status-publish","hentry"],"yoast_head":"<!-- This site is optimized with the Yoast SEO plugin v27.0 - https:\/\/yoast.com\/product\/yoast-seo-wordpress\/ -->\n<title>Personvernerkl\u00e6ring - H\u00e5land Instrumentering<\/title>\n<meta name=\"robots\" content=\"index, follow, max-snippet:-1, max-image-preview:large, max-video-preview:-1\" \/>\n<link rel=\"canonical\" href=\"https:\/\/hi-as.no\/no\/personvernerklaering\/\" \/>\n<meta property=\"og:locale\" content=\"nb_NO\" \/>\n<meta property=\"og:type\" content=\"article\" \/>\n<meta property=\"og:title\" content=\"Personvernerkl\u00e6ring - H\u00e5land Instrumentering\" \/>\n<meta property=\"og:description\" content=\"[vc_row][vc_column width=&raquo;1\/1&#8243;][vc_custom_heading uncode_shortcode_id=&raquo;203077&#8243; subheading=&raquo;for H\u00e5land Instrumentering AS&raquo;] Personvernerkl\u00e6ring [\/vc_custom_heading][vc_column_text uncode_shortcode_id=&raquo;101081&#8243;]Personvernerkl\u00e6ring Denne personvernerl\u00e6ringen gjelder for H\u00e5land Instrumentering AS Org.nr. 985370761 Opplysninger [&hellip;]\" \/>\n<meta property=\"og:url\" content=\"https:\/\/hi-as.no\/no\/personvernerklaering\/\" \/>\n<meta property=\"og:site_name\" content=\"H\u00e5land Instrumentering\" \/>\n<meta property=\"article:modified_time\" content=\"2024-08-20T10:27:17+00:00\" \/>\n<meta name=\"twitter:card\" content=\"summary_large_image\" \/>\n<meta name=\"twitter:label1\" content=\"Ansl. lesetid\" \/>\n\t<meta name=\"twitter:data1\" content=\"2 minutter\" \/>\n<script type=\"application\/ld+json\" class=\"yoast-schema-graph\">{\"@context\":\"https:\/\/schema.org\",\"@graph\":[{\"@type\":\"WebPage\",\"@id\":\"https:\/\/hi-as.no\/no\/personvernerklaering\/\",\"url\":\"https:\/\/hi-as.no\/no\/personvernerklaering\/\",\"name\":\"Personvernerkl\u00e6ring - H\u00e5land Instrumentering\",\"isPartOf\":{\"@id\":\"https:\/\/hi-as.no\/no\/#website\"},\"datePublished\":\"2021-02-24T01:08:11+00:00\",\"dateModified\":\"2024-08-20T10:27:17+00:00\",\"breadcrumb\":{\"@id\":\"https:\/\/hi-as.no\/no\/personvernerklaering\/#breadcrumb\"},\"inLanguage\":\"nb-NO\",\"potentialAction\":[{\"@type\":\"ReadAction\",\"target\":[\"https:\/\/hi-as.no\/no\/personvernerklaering\/\"]}]},{\"@type\":\"BreadcrumbList\",\"@id\":\"https:\/\/hi-as.no\/no\/personvernerklaering\/#breadcrumb\",\"itemListElement\":[{\"@type\":\"ListItem\",\"position\":1,\"name\":\"Hjem\",\"item\":\"https:\/\/hi-as.no\/no\/\"},{\"@type\":\"ListItem\",\"position\":2,\"name\":\"Personvernerkl\u00e6ring\"}]},{\"@type\":\"WebSite\",\"@id\":\"https:\/\/hi-as.no\/no\/#website\",\"url\":\"https:\/\/hi-as.no\/no\/\",\"name\":\"H\u00e5land Instrumentering\",\"description\":\"\",\"potentialAction\":[{\"@type\":\"SearchAction\",\"target\":{\"@type\":\"EntryPoint\",\"urlTemplate\":\"https:\/\/hi-as.no\/no\/?s={search_term_string}\"},\"query-input\":{\"@type\":\"PropertyValueSpecification\",\"valueRequired\":true,\"valueName\":\"search_term_string\"}}],\"inLanguage\":\"nb-NO\"}]}<\/script>\n<!-- \/ Yoast SEO plugin. -->","yoast_head_json":{"title":"Personvernerkl\u00e6ring - H\u00e5land Instrumentering","robots":{"index":"index","follow":"follow","max-snippet":"max-snippet:-1","max-image-preview":"max-image-preview:large","max-video-preview":"max-video-preview:-1"},"canonical":"https:\/\/hi-as.no\/no\/personvernerklaering\/","og_locale":"nb_NO","og_type":"article","og_title":"Personvernerkl\u00e6ring - H\u00e5land Instrumentering","og_description":"[vc_row][vc_column width=&raquo;1\/1&#8243;][vc_custom_heading uncode_shortcode_id=&raquo;203077&#8243; subheading=&raquo;for H\u00e5land Instrumentering AS&raquo;] Personvernerkl\u00e6ring [\/vc_custom_heading][vc_column_text uncode_shortcode_id=&raquo;101081&#8243;]Personvernerkl\u00e6ring Denne personvernerl\u00e6ringen gjelder for H\u00e5land Instrumentering AS Org.nr. 985370761 Opplysninger [&hellip;]","og_url":"https:\/\/hi-as.no\/no\/personvernerklaering\/","og_site_name":"H\u00e5land Instrumentering","article_modified_time":"2024-08-20T10:27:17+00:00","twitter_card":"summary_large_image","twitter_misc":{"Ansl. lesetid":"2 minutter"},"schema":{"@context":"https:\/\/schema.org","@graph":[{"@type":"WebPage","@id":"https:\/\/hi-as.no\/no\/personvernerklaering\/","url":"https:\/\/hi-as.no\/no\/personvernerklaering\/","name":"Personvernerkl\u00e6ring - H\u00e5land Instrumentering","isPartOf":{"@id":"https:\/\/hi-as.no\/no\/#website"},"datePublished":"2021-02-24T01:08:11+00:00","dateModified":"2024-08-20T10:27:17+00:00","breadcrumb":{"@id":"https:\/\/hi-as.no\/no\/personvernerklaering\/#breadcrumb"},"inLanguage":"nb-NO","potentialAction":[{"@type":"ReadAction","target":["https:\/\/hi-as.no\/no\/personvernerklaering\/"]}]},{"@type":"BreadcrumbList","@id":"https:\/\/hi-as.no\/no\/personvernerklaering\/#breadcrumb","itemListElement":[{"@type":"ListItem","position":1,"name":"Hjem","item":"https:\/\/hi-as.no\/no\/"},{"@type":"ListItem","position":2,"name":"Personvernerkl\u00e6ring"}]},{"@type":"WebSite","@id":"https:\/\/hi-as.no\/no\/#website","url":"https:\/\/hi-as.no\/no\/","name":"H\u00e5land Instrumentering","description":"","potentialAction":[{"@type":"SearchAction","target":{"@type":"EntryPoint","urlTemplate":"https:\/\/hi-as.no\/no\/?s={search_term_string}"},"query-input":{"@type":"PropertyValueSpecification","valueRequired":true,"valueName":"search_term_string"}}],"inLanguage":"nb-NO"}]}},"_links":{"self":[{"href":"https:\/\/hi-as.no\/no\/wp-json\/wp\/v2\/pages\/78962","targetHints":{"allow":["GET"]}}],"collection":[{"href":"https:\/\/hi-as.no\/no\/wp-json\/wp\/v2\/pages"}],"about":[{"href":"https:\/\/hi-as.no\/no\/wp-json\/wp\/v2\/types\/page"}],"author":[{"embeddable":true,"href":"https:\/\/hi-as.no\/no\/wp-json\/wp\/v2\/users\/3"}],"replies":[{"embeddable":true,"href":"https:\/\/hi-as.no\/no\/wp-json\/wp\/v2\/comments?post=78962"}],"version-history":[{"count":0,"href":"https:\/\/hi-as.no\/no\/wp-json\/wp\/v2\/pages\/78962\/revisions"}],"wp:attachment":[{"href":"https:\/\/hi-as.no\/no\/wp-json\/wp\/v2\/media?parent=78962"}],"curies":[{"name":"wp","href":"https:\/\/api.w.org\/{rel}","templated":true}]}}