{"id":3478,"date":"2018-08-13T00:00:00","date_gmt":"2018-08-12T22:00:00","guid":{"rendered":"https:\/\/www.hi-as.no\/kundefordeler-historier\/"},"modified":"2026-01-26T17:05:27","modified_gmt":"2026-01-26T16:05:27","slug":"kundehistorier","status":"publish","type":"page","link":"https:\/\/hi-as.no\/no\/kundehistorier\/","title":{"rendered":"Kundehistorier"},"content":{"rendered":"<div class=\"wpb-content-wrapper\"><p>[vc_row][vc_column width=&raquo;1\/1&#8243;][vc_empty_space empty_h=&raquo;1&#8243;][\/vc_column][\/vc_row][vc_section][vc_row row_height_percent=&raquo;0&#8243; override_padding=&raquo;yes&raquo; h_padding=&raquo;4&#8243; top_padding=&raquo;4&#8243; bottom_padding=&raquo;4&#8243; back_color=&raquo;color-220093&#8243; overlay_alpha=&raquo;50&#8243; gutter_size=&raquo;3&#8243; column_width_percent=&raquo;100&#8243; shift_y=&raquo;0&#8243; z_index=&raquo;0&#8243; mobile_visibility=&raquo;yes&raquo; content_parallax=&raquo;0&#8243; uncode_shortcode_id=&raquo;176372&#8243; back_color_type=&raquo;uncode-palette&raquo;][vc_column column_width_percent=&raquo;100&#8243; gutter_size=&raquo;3&#8243; style=&raquo;dark&raquo; overlay_alpha=&raquo;50&#8243; shift_x=&raquo;0&#8243; shift_y=&raquo;0&#8243; shift_y_down=&raquo;0&#8243; z_index=&raquo;0&#8243; medium_width=&raquo;0&#8243; mobile_width=&raquo;0&#8243; css_animation=&raquo;bottom-t-top&raquo; width=&raquo;1\/1&#8243; uncode_shortcode_id=&raquo;385949&#8243;][vc_empty_space empty_h=&raquo;3&#8243;][vc_custom_heading heading_semantic=&raquo;h3&#8243; text_size=&raquo;h3&#8243; uncode_shortcode_id=&raquo;130788&#8243;]Kundehistorier[\/vc_custom_heading][uncode_index el_id=&raquo;index-655707&#8243; isotope_mode=&raquo;fitRows&raquo; loop=&raquo;order_by:date|post_type:kundehistorier|taxonomy_count:10&#8243; screen_lg=&raquo;1000&#8243; screen_md=&raquo;600&#8243; screen_sm=&raquo;480&#8243; gutter_size=&raquo;3&#8243; post_items=&raquo;author|sm_size|hide_qualification,title,text|excerpt|350,date&raquo; kundehistorier_items=&raquo;detail-661339,spacer|half,title,spacer_two|half,detail-127820,detail-149766,text|excerpt|120,link|link|default_size|scale_mobile|Les mer&raquo; single_width=&raquo;6&#8243; single_style=&raquo;dark&raquo; single_overlay_opacity=&raquo;50&#8243; single_padding=&raquo;3&#8243; single_title_dimension=&raquo;h3&#8243; single_title_weight=&raquo;300&#8243; single_border=&raquo;yes&raquo; single_css_animation=&raquo;alpha-anim&raquo; uncode_shortcode_id=&raquo;103639&#8243;][uncode_carousel_nav padding=&raquo;0&#8243; arrows_skin=&raquo;dark&raquo; arrows_position=&raquo;el_absolute&raquo; arrows_width=&raquo;window&raquo; arrows_v_align=&raquo;middle&raquo; arrows_padding=&raquo;5&#8243; arrow_style=&raquo;transparent&raquo; arrow_bg_size=&raquo;no&raquo; arrow_size=&raquo;fa-5x&raquo; animated_arrows=&raquo;default&raquo; hide_counter=&raquo;yes&raquo; uncode_shortcode_id=&raquo;621323&#8243; target=&raquo;index-655707&#8243;][\/vc_column][\/vc_row][\/vc_section]<\/p>\n<\/div>","protected":false},"excerpt":{"rendered":"<p>Eksempler hvordan v\u00e5re kunder f\u00e5r fordeler og nytteverdier med l\u00f8sninger innen:<\/p>\n<p>Brann- og gassdeteksjon,  Ventiler  og  Feltinstrumentering<\/p>\n","protected":false},"author":3,"featured_media":0,"parent":0,"menu_order":6,"comment_status":"closed","ping_status":"closed","template":"","meta":{"footnotes":""},"class_list":["post-3478","page","type-page","status-publish","hentry"],"yoast_head":"<!-- This site is optimized with the Yoast SEO plugin v27.0 - https:\/\/yoast.com\/product\/yoast-seo-wordpress\/ -->\n<title>Kundehistorier - H\u00e5land Instrumentering<\/title>\n<meta name=\"description\" content=\"Eksempler hvordan v\u00e5re kunder f\u00e5r fordeler og nytteverdier med l\u00f8sninger innen: Brann- og gassdeteksjon, Ventiler og Feltinstrumentering\" \/>\n<meta name=\"robots\" content=\"index, follow, max-snippet:-1, max-image-preview:large, max-video-preview:-1\" \/>\n<link rel=\"canonical\" href=\"https:\/\/hi-as.no\/no\/kundehistorier\/\" \/>\n<meta property=\"og:locale\" content=\"nb_NO\" \/>\n<meta property=\"og:type\" content=\"article\" \/>\n<meta property=\"og:title\" content=\"Kundehistorier - H\u00e5land Instrumentering\" \/>\n<meta property=\"og:description\" content=\"Eksempler hvordan v\u00e5re kunder f\u00e5r fordeler og nytteverdier med l\u00f8sninger innen: Brann- og gassdeteksjon, Ventiler og Feltinstrumentering\" \/>\n<meta property=\"og:url\" content=\"https:\/\/hi-as.no\/no\/kundehistorier\/\" \/>\n<meta property=\"og:site_name\" content=\"H\u00e5land Instrumentering\" \/>\n<meta property=\"article:modified_time\" content=\"2026-01-26T16:05:27+00:00\" \/>\n<meta name=\"twitter:card\" content=\"summary_large_image\" \/>\n<meta name=\"twitter:label1\" content=\"Ansl. lesetid\" \/>\n\t<meta name=\"twitter:data1\" content=\"2 minutter\" \/>\n<script type=\"application\/ld+json\" class=\"yoast-schema-graph\">{\"@context\":\"https:\/\/schema.org\",\"@graph\":[{\"@type\":\"WebPage\",\"@id\":\"https:\/\/hi-as.no\/no\/kundehistorier\/\",\"url\":\"https:\/\/hi-as.no\/no\/kundehistorier\/\",\"name\":\"Kundehistorier - H\u00e5land Instrumentering\",\"isPartOf\":{\"@id\":\"https:\/\/hi-as.no\/no\/#website\"},\"datePublished\":\"2018-08-12T22:00:00+00:00\",\"dateModified\":\"2026-01-26T16:05:27+00:00\",\"description\":\"Eksempler hvordan v\u00e5re kunder f\u00e5r fordeler og nytteverdier med l\u00f8sninger innen: Brann- og gassdeteksjon, Ventiler og Feltinstrumentering\",\"breadcrumb\":{\"@id\":\"https:\/\/hi-as.no\/no\/kundehistorier\/#breadcrumb\"},\"inLanguage\":\"nb-NO\",\"potentialAction\":[{\"@type\":\"ReadAction\",\"target\":[\"https:\/\/hi-as.no\/no\/kundehistorier\/\"]}]},{\"@type\":\"BreadcrumbList\",\"@id\":\"https:\/\/hi-as.no\/no\/kundehistorier\/#breadcrumb\",\"itemListElement\":[{\"@type\":\"ListItem\",\"position\":1,\"name\":\"Hjem\",\"item\":\"https:\/\/hi-as.no\/no\/\"},{\"@type\":\"ListItem\",\"position\":2,\"name\":\"Kundehistorier\"}]},{\"@type\":\"WebSite\",\"@id\":\"https:\/\/hi-as.no\/no\/#website\",\"url\":\"https:\/\/hi-as.no\/no\/\",\"name\":\"H\u00e5land Instrumentering\",\"description\":\"\",\"potentialAction\":[{\"@type\":\"SearchAction\",\"target\":{\"@type\":\"EntryPoint\",\"urlTemplate\":\"https:\/\/hi-as.no\/no\/?s={search_term_string}\"},\"query-input\":{\"@type\":\"PropertyValueSpecification\",\"valueRequired\":true,\"valueName\":\"search_term_string\"}}],\"inLanguage\":\"nb-NO\"}]}<\/script>\n<!-- \/ Yoast SEO plugin. -->","yoast_head_json":{"title":"Kundehistorier - H\u00e5land Instrumentering","description":"Eksempler hvordan v\u00e5re kunder f\u00e5r fordeler og nytteverdier med l\u00f8sninger innen: Brann- og gassdeteksjon, Ventiler og Feltinstrumentering","robots":{"index":"index","follow":"follow","max-snippet":"max-snippet:-1","max-image-preview":"max-image-preview:large","max-video-preview":"max-video-preview:-1"},"canonical":"https:\/\/hi-as.no\/no\/kundehistorier\/","og_locale":"nb_NO","og_type":"article","og_title":"Kundehistorier - H\u00e5land Instrumentering","og_description":"Eksempler hvordan v\u00e5re kunder f\u00e5r fordeler og nytteverdier med l\u00f8sninger innen: Brann- og gassdeteksjon, Ventiler og Feltinstrumentering","og_url":"https:\/\/hi-as.no\/no\/kundehistorier\/","og_site_name":"H\u00e5land Instrumentering","article_modified_time":"2026-01-26T16:05:27+00:00","twitter_card":"summary_large_image","twitter_misc":{"Ansl. lesetid":"2 minutter"},"schema":{"@context":"https:\/\/schema.org","@graph":[{"@type":"WebPage","@id":"https:\/\/hi-as.no\/no\/kundehistorier\/","url":"https:\/\/hi-as.no\/no\/kundehistorier\/","name":"Kundehistorier - H\u00e5land Instrumentering","isPartOf":{"@id":"https:\/\/hi-as.no\/no\/#website"},"datePublished":"2018-08-12T22:00:00+00:00","dateModified":"2026-01-26T16:05:27+00:00","description":"Eksempler hvordan v\u00e5re kunder f\u00e5r fordeler og nytteverdier med l\u00f8sninger innen: Brann- og gassdeteksjon, Ventiler og Feltinstrumentering","breadcrumb":{"@id":"https:\/\/hi-as.no\/no\/kundehistorier\/#breadcrumb"},"inLanguage":"nb-NO","potentialAction":[{"@type":"ReadAction","target":["https:\/\/hi-as.no\/no\/kundehistorier\/"]}]},{"@type":"BreadcrumbList","@id":"https:\/\/hi-as.no\/no\/kundehistorier\/#breadcrumb","itemListElement":[{"@type":"ListItem","position":1,"name":"Hjem","item":"https:\/\/hi-as.no\/no\/"},{"@type":"ListItem","position":2,"name":"Kundehistorier"}]},{"@type":"WebSite","@id":"https:\/\/hi-as.no\/no\/#website","url":"https:\/\/hi-as.no\/no\/","name":"H\u00e5land Instrumentering","description":"","potentialAction":[{"@type":"SearchAction","target":{"@type":"EntryPoint","urlTemplate":"https:\/\/hi-as.no\/no\/?s={search_term_string}"},"query-input":{"@type":"PropertyValueSpecification","valueRequired":true,"valueName":"search_term_string"}}],"inLanguage":"nb-NO"}]}},"_links":{"self":[{"href":"https:\/\/hi-as.no\/no\/wp-json\/wp\/v2\/pages\/3478","targetHints":{"allow":["GET"]}}],"collection":[{"href":"https:\/\/hi-as.no\/no\/wp-json\/wp\/v2\/pages"}],"about":[{"href":"https:\/\/hi-as.no\/no\/wp-json\/wp\/v2\/types\/page"}],"author":[{"embeddable":true,"href":"https:\/\/hi-as.no\/no\/wp-json\/wp\/v2\/users\/3"}],"replies":[{"embeddable":true,"href":"https:\/\/hi-as.no\/no\/wp-json\/wp\/v2\/comments?post=3478"}],"version-history":[{"count":0,"href":"https:\/\/hi-as.no\/no\/wp-json\/wp\/v2\/pages\/3478\/revisions"}],"wp:attachment":[{"href":"https:\/\/hi-as.no\/no\/wp-json\/wp\/v2\/media?parent=3478"}],"curies":[{"name":"wp","href":"https:\/\/api.w.org\/{rel}","templated":true}]}}